{"id":122,"date":"2024-04-12T20:45:19","date_gmt":"2024-04-12T20:45:19","guid":{"rendered":"https:\/\/vanguardamartech.com.br\/invista-no-seu-negocio\/?page_id=122"},"modified":"2025-03-13T14:05:47","modified_gmt":"2025-03-13T14:05:47","slug":"invista-no-seu-negocio","status":"publish","type":"page","link":"https:\/\/vanguardamartech.com.br\/invista-no-seu-negocio\/","title":{"rendered":"invista no seu neg\u00f3cio"},"content":{"rendered":"<style>\/*! elementor - v3.20.0 - 20-03-2024 *\/\n.elementor-widget-image{text-align:center}.elementor-widget-image a{display:inline-block}.elementor-widget-image a img[src$=\".svg\"]{width:48px}.elementor-widget-image img{vertical-align:middle;display:inline-block}<\/style>\n<p>\t\t\t\t\t\t\t\t\t\t\t<a href=\"https:\/\/vanguardacomunicacao.com.br\/avaliacao-digital\/\"><br \/>\n\t\t\t\t\t\t\t<img fetchpriority=\"high\" decoding=\"async\" width=\"1920\" height=\"700\" src=\"https:\/\/vanguardamartech.com.br\/invista-no-seu-negocio\/wp-content\/uploads\/2024\/05\/21729-BANNER-MARTECH-_1_.webp\" alt=\"\" srcset=\"https:\/\/vanguardamartech.com.br\/invista-no-seu-negocio\/wp-content\/uploads\/2024\/05\/21729-BANNER-MARTECH-_1_.webp 1920w, https:\/\/vanguardamartech.com.br\/invista-no-seu-negocio\/wp-content\/uploads\/2024\/05\/21729-BANNER-MARTECH-_1_-300x109.webp 300w, https:\/\/vanguardamartech.com.br\/invista-no-seu-negocio\/wp-content\/uploads\/2024\/05\/21729-BANNER-MARTECH-_1_-1024x373.webp 1024w, https:\/\/vanguardamartech.com.br\/invista-no-seu-negocio\/wp-content\/uploads\/2024\/05\/21729-BANNER-MARTECH-_1_-768x280.webp 768w, https:\/\/vanguardamartech.com.br\/invista-no-seu-negocio\/wp-content\/uploads\/2024\/05\/21729-BANNER-MARTECH-_1_-1536x560.webp 1536w\" sizes=\"(max-width: 1920px) 100vw, 1920px\" \/>\t\t\t\t\t\t\t\t<\/a><br \/>\n\t\t\t\t\t\t\t\t\t\t\t\t\t\t<a href=\"https:\/\/vanguardacomunicacao.com.br\/avaliacao-digital\/\"><br \/>\n\t\t\t\t\t\t\t<img decoding=\"async\" width=\"700\" height=\"700\" src=\"https:\/\/vanguardamartech.com.br\/invista-no-seu-negocio\/wp-content\/uploads\/2024\/05\/21729-BANNER-MARTECH-mobile.webp\" alt=\"\" srcset=\"https:\/\/vanguardamartech.com.br\/invista-no-seu-negocio\/wp-content\/uploads\/2024\/05\/21729-BANNER-MARTECH-mobile.webp 700w, https:\/\/vanguardamartech.com.br\/invista-no-seu-negocio\/wp-content\/uploads\/2024\/05\/21729-BANNER-MARTECH-mobile-300x300.webp 300w, https:\/\/vanguardamartech.com.br\/invista-no-seu-negocio\/wp-content\/uploads\/2024\/05\/21729-BANNER-MARTECH-mobile-150x150.webp 150w\" sizes=\"(max-width: 700px) 100vw, 700px\" \/>\t\t\t\t\t\t\t\t<\/a><\/p>\n<style>\/*! elementor - v3.20.0 - 20-03-2024 *\/\n.elementor-heading-title{padding:0;margin:0;line-height:1}.elementor-widget-heading .elementor-heading-title[class*=elementor-size-]>a{color:inherit;font-size:inherit;line-height:inherit}.elementor-widget-heading .elementor-heading-title.elementor-size-small{font-size:15px}.elementor-widget-heading .elementor-heading-title.elementor-size-medium{font-size:19px}.elementor-widget-heading .elementor-heading-title.elementor-size-large{font-size:29px}.elementor-widget-heading .elementor-heading-title.elementor-size-xl{font-size:39px}.elementor-widget-heading .elementor-heading-title.elementor-size-xxl{font-size:59px}<\/style>\n<h1>Venda mais com quem entende do assunto<\/h1>\n<p>\t\tOs grandes resultados de nossos clientes nos mais diversos segmentos provam que a parceria com a<br \/>Vanguarda Comunica\u00e7\u00e3o \u00e9 sin\u00f4nimo de sucesso! Veja alguns exemplos e inspire-se para levar tamb\u00e9m<br \/> o seu neg\u00f3cio a um novo patamar.\t\t<\/p>\n<style>\/*! elementor - v3.20.0 - 20-03-2024 *\/\n.elementor-widget-image-box .elementor-image-box-content{width:100%}@media (min-width:768px){.elementor-widget-image-box.elementor-position-left .elementor-image-box-wrapper,.elementor-widget-image-box.elementor-position-right .elementor-image-box-wrapper{display:flex}.elementor-widget-image-box.elementor-position-right .elementor-image-box-wrapper{text-align:right;flex-direction:row-reverse}.elementor-widget-image-box.elementor-position-left .elementor-image-box-wrapper{text-align:left;flex-direction:row}.elementor-widget-image-box.elementor-position-top .elementor-image-box-img{margin:auto}.elementor-widget-image-box.elementor-vertical-align-top .elementor-image-box-wrapper{align-items:flex-start}.elementor-widget-image-box.elementor-vertical-align-middle .elementor-image-box-wrapper{align-items:center}.elementor-widget-image-box.elementor-vertical-align-bottom .elementor-image-box-wrapper{align-items:flex-end}}@media (max-width:767px){.elementor-widget-image-box .elementor-image-box-img{margin-left:auto!important;margin-right:auto!important;margin-bottom:15px}}.elementor-widget-image-box .elementor-image-box-img{display:inline-block}.elementor-widget-image-box .elementor-image-box-title a{color:inherit}.elementor-widget-image-box .elementor-image-box-wrapper{text-align:center}.elementor-widget-image-box .elementor-image-box-description{margin:0}<\/style>\n<figure><img decoding=\"async\" width=\"200\" height=\"200\" src=\"https:\/\/vanguardamartech.com.br\/invista-no-seu-negocio\/wp-content\/uploads\/2023\/08\/Loja.png\" alt=\"\" \/><\/figure>\n<h3>Rede de lojas de variedades<\/h3>\n<p>Iniciou a presen\u00e7a digital com a Vanguarda e agora est\u00e1 no processo de implementa\u00e7\u00e3o do e-commerce, para atender o n\u00famero crescente de clientes.<\/p>\n<figure><img loading=\"lazy\" decoding=\"async\" width=\"200\" height=\"200\" src=\"https:\/\/vanguardamartech.com.br\/invista-no-seu-negocio\/wp-content\/uploads\/2023\/08\/Remedio.png\" alt=\"\" \/><\/figure>\n<h3>Maior rede de drogarias do Norte<\/h3>\n<p>Com a\u00e7\u00f5es e campanhas on e off atingiu expressivo resultado e recentemente foi premiada como a marca de maior lembran\u00e7a entre o p\u00fablico de Manaus.<\/p>\n<figure><img loading=\"lazy\" decoding=\"async\" width=\"200\" height=\"200\" src=\"https:\/\/vanguardamartech.com.br\/invista-no-seu-negocio\/wp-content\/uploads\/2023\/08\/Carro.png\" alt=\"\" \/><\/figure>\n<h3>Grupo automotivo<\/h3>\n<p>As estrat\u00e9gias de venda da Vanguarda driblaram o mercado em baixa, vendendo mais de 200 ve\u00edculos no corporativo e 112 em venda direta. 185% da meta batida!<\/p>\n<figure><img loading=\"lazy\" decoding=\"async\" width=\"200\" height=\"200\" src=\"https:\/\/vanguardamartech.com.br\/invista-no-seu-negocio\/wp-content\/uploads\/2023\/08\/Moto.png\" alt=\"\" \/><\/figure>\n<h3>Representantes Honda<\/h3>\n<p>O marketing da empresa era todo offline, mas com a implementa\u00e7\u00e3o das redes sociais, inbound e CRM com a Vanguarda, a empresa viu a sua demanda disparar.<\/p>\n<p>\t\t\t<a href=\"https:\/\/vanguardacomunicacao.com.br\/avaliacao-digital\/\"><br \/>\n\t\t\t\t\t\tQuero vender mais<br \/>\n\t\t\t\t\t<\/a><\/p>\n<p>Atendemos com excel\u00eancia mais de 70 clientes em sete estados brasileiros. Seja o pr\u00f3ximo case de sucesso da Vanguarda!<\/p>\n<p>\t\t\t\t\t\t\t\t\t\t\t\t\t<img loading=\"lazy\" decoding=\"async\" width=\"2312\" height=\"1408\" src=\"https:\/\/vanguardamartech.com.br\/invista-no-seu-negocio\/wp-content\/uploads\/2024\/04\/LOGO-CLIENTE-VANGUARDA.png\" alt=\"\" srcset=\"https:\/\/vanguardamartech.com.br\/invista-no-seu-negocio\/wp-content\/uploads\/2024\/04\/LOGO-CLIENTE-VANGUARDA.png 2312w, https:\/\/vanguardamartech.com.br\/invista-no-seu-negocio\/wp-content\/uploads\/2024\/04\/LOGO-CLIENTE-VANGUARDA-300x183.png 300w, https:\/\/vanguardamartech.com.br\/invista-no-seu-negocio\/wp-content\/uploads\/2024\/04\/LOGO-CLIENTE-VANGUARDA-1024x624.png 1024w, https:\/\/vanguardamartech.com.br\/invista-no-seu-negocio\/wp-content\/uploads\/2024\/04\/LOGO-CLIENTE-VANGUARDA-768x468.png 768w, https:\/\/vanguardamartech.com.br\/invista-no-seu-negocio\/wp-content\/uploads\/2024\/04\/LOGO-CLIENTE-VANGUARDA-1536x935.png 1536w, https:\/\/vanguardamartech.com.br\/invista-no-seu-negocio\/wp-content\/uploads\/2024\/04\/LOGO-CLIENTE-VANGUARDA-2048x1247.png 2048w\" sizes=\"(max-width: 2312px) 100vw, 2312px\" \/><br \/>\n\t\t\t<a href=\"https:\/\/vanguardacomunicacao.com.br\/avaliacao-digital\/\"><br \/>\n\t\t\t\t\t\tQuero vender mais<br \/>\n\t\t\t\t\t<\/a><\/p>\n<h2>Somos uma ag\u00eancia 360\u00ba que possui as estrat\u00e9gias que a sua empresa precisa para crescer!<\/h2>\n<figure><img loading=\"lazy\" decoding=\"async\" width=\"200\" height=\"200\" src=\"https:\/\/vanguardamartech.com.br\/invista-no-seu-negocio\/wp-content\/uploads\/2023\/08\/Criacao.png\" alt=\"\" \/><\/figure>\n<h3>Cria\u00e7\u00e3o Publicit\u00e1ria<\/h3>\n<p>Estrat\u00e9gia criativa para potencializar resultados.<\/p>\n<figure><img loading=\"lazy\" decoding=\"async\" width=\"200\" height=\"200\" src=\"https:\/\/vanguardamartech.com.br\/invista-no-seu-negocio\/wp-content\/uploads\/2023\/08\/Interligado.png\" alt=\"\" \/><\/figure>\n<h3>Marketing Interligado<\/h3>\n<p>Performance criativa e <\/br>multicanal.<\/p>\n<figure><img loading=\"lazy\" decoding=\"async\" width=\"200\" height=\"200\" src=\"https:\/\/vanguardamartech.com.br\/invista-no-seu-negocio\/wp-content\/uploads\/2023\/08\/Market-Digital.png\" alt=\"\" \/><\/figure>\n<h3>Marketing Digital<\/h3>\n<p>Presen\u00e7a digital focada <\/br>em vendas.<\/p>\n<figure><img loading=\"lazy\" decoding=\"async\" width=\"200\" height=\"200\" src=\"https:\/\/vanguardamartech.com.br\/invista-no-seu-negocio\/wp-content\/uploads\/2023\/08\/Inbound-Market.png\" alt=\"\" \/><\/figure>\n<h3>Inbound Marketing<\/h3>\n<p>Marketing de conte\u00fado para atra\u00e7\u00e3o de clientes qualificados.\n<\/p>\n<figure><img loading=\"lazy\" decoding=\"async\" width=\"200\" height=\"200\" src=\"https:\/\/vanguardamartech.com.br\/invista-no-seu-negocio\/wp-content\/uploads\/2023\/08\/SEO.png\" alt=\"\" \/><\/figure>\n<h3>T\u00e9cnicas de SEO<\/h3>\n<p>T\u00e9cnicas indispens\u00e1veis para tornar o seu conte\u00fado vis\u00edvel.<\/p>\n<p>Temos um time completo, com mais de 60 especialistas em m\u00e9todos\u00a0<em>online\u00a0<\/em>e\u00a0<em>offline<\/em>, prontos para tra\u00e7ar as melhores estrat\u00e9gias para o seu neg\u00f3cio!<\/p>\n<p>\t\t\t<a href=\"https:\/\/vanguardacomunicacao.com.br\/avaliacao-digital\/\"><br \/>\n\t\t\t\t\t\tQuero investir no crescimento da minha empresa<br \/>\n\t\t\t\t\t<\/a><\/p>\n<h2>Como a Vanguarda pode ajudar a sua empresa?<\/h2>\n<p>Somos uma ag\u00eancia que atua h\u00e1 mais de 16 anos no mercado publicit\u00e1rio, honrando e valorizando os nossos clientes em todos os estados em que atuamos. O nosso foco \u00e9 criar estrat\u00e9gias de marketing, tanto\u00a0<em>on\u00a0<\/em>quanto\u00a0<em>off<\/em>, que proporcionem excelentes resultados em posicionamento e vendas, n\u00e3o importa o segmento de atua\u00e7\u00e3o. Al\u00e9m disso, realizamos consultoria para estudar e buscar solu\u00e7\u00f5es mais assertivas para os nossos clientes. Traga a sua empresa para a Vanguarda e seja a nossa pr\u00f3xima hist\u00f3ria de sucesso!<\/p>\n<p>\t\t\t<a href=\"https:\/\/vanguardacomunicacao.com.br\/avaliacao-digital\/\"><br \/>\n\t\t\t\t\t\t<strong>Investimento inicial<\/strong>: 10 mil reais<br \/>\n\t\t\t\t\t<\/a><br \/>\n\t\t\t\t\t\t\t\t\t\t\t\t\t<img loading=\"lazy\" decoding=\"async\" width=\"656\" height=\"656\" src=\"https:\/\/vanguardamartech.com.br\/invista-no-seu-negocio\/wp-content\/uploads\/2023\/08\/Vanguarda.png\" alt=\"\" srcset=\"https:\/\/vanguardamartech.com.br\/invista-no-seu-negocio\/wp-content\/uploads\/2023\/08\/Vanguarda.png 656w, https:\/\/vanguardamartech.com.br\/invista-no-seu-negocio\/wp-content\/uploads\/2023\/08\/Vanguarda-300x300.png 300w, https:\/\/vanguardamartech.com.br\/invista-no-seu-negocio\/wp-content\/uploads\/2023\/08\/Vanguarda-150x150.png 150w\" sizes=\"(max-width: 656px) 100vw, 656px\" \/>\t\t\t\t\t\t\t\t\t\t\t\t\t<\/p>\n<h2>O que os clientes dizem sobre n\u00f3s?<\/h2>\n<link rel=\"stylesheet\" href=\"https:\/\/vanguardamartech.com.br\/invista-no-seu-negocio\/wp-content\/plugins\/elementor-pro\/assets\/css\/widget-carousel.min.css\">\n\t\t\t\t\t\t\t<a href=\"https:\/\/vanguardamartech.com.br\/invista-no-seu-negocio\/wp-content\/uploads\/2024\/04\/Screenshot_1.png\" data-elementor-open-lightbox=\"yes\" data-elementor-lightbox-slideshow=\"b3697fa\" data-elementor-lightbox-title=\"Screenshot_1\" data-e-action-hash=\"#elementor-action%3Aaction%3Dlightbox%26settings%3DeyJpZCI6MTYwLCJ1cmwiOiJodHRwczpcL1wvdmFuZ3VhcmRhbWFydGVjaC5jb20uYnJcL2ludmlzdGEtbm8tc2V1LW5lZ29jaW9cL3dwLWNvbnRlbnRcL3VwbG9hZHNcLzIwMjRcLzA0XC9TY3JlZW5zaG90XzEucG5nIiwic2xpZGVzaG93IjoiYjM2OTdmYSJ9\" data-elementor-lightbox-video=\"https:\/\/www.youtube.com\/embed\/rko8jdZNMxg?feature=oembed&amp;autoplay=1&amp;rel=0&amp;controls=0\"><br \/>\n\t\t\t\t\t\t\t\t\t\tPlay<br \/>\n\t\t<\/a><br \/>\n\t\t\t\t\t\t\t<a href=\"https:\/\/vanguardamartech.com.br\/invista-no-seu-negocio\/wp-content\/uploads\/2024\/04\/Screenshot_2.png\" data-elementor-open-lightbox=\"yes\" data-elementor-lightbox-slideshow=\"b3697fa\" data-elementor-lightbox-title=\"Screenshot_2\" data-e-action-hash=\"#elementor-action%3Aaction%3Dlightbox%26settings%3DeyJpZCI6MTYxLCJ1cmwiOiJodHRwczpcL1wvdmFuZ3VhcmRhbWFydGVjaC5jb20uYnJcL2ludmlzdGEtbm8tc2V1LW5lZ29jaW9cL3dwLWNvbnRlbnRcL3VwbG9hZHNcLzIwMjRcLzA0XC9TY3JlZW5zaG90XzIucG5nIiwic2xpZGVzaG93IjoiYjM2OTdmYSJ9\" data-elementor-lightbox-video=\"https:\/\/www.youtube.com\/embed\/REPSC3h2bpI?feature=oembed&amp;autoplay=1&amp;rel=0&amp;controls=0\"><br \/>\n\t\t\t\t\t\t\t\t\t\tPlay<br \/>\n\t\t<\/a><br \/>\n\t\t\t\t\t\t\t<a href=\"https:\/\/vanguardamartech.com.br\/invista-no-seu-negocio\/wp-content\/uploads\/2024\/04\/Screenshot_3.png\" data-elementor-open-lightbox=\"yes\" data-elementor-lightbox-slideshow=\"b3697fa\" data-elementor-lightbox-title=\"Screenshot_3\" data-e-action-hash=\"#elementor-action%3Aaction%3Dlightbox%26settings%3DeyJpZCI6MTYyLCJ1cmwiOiJodHRwczpcL1wvdmFuZ3VhcmRhbWFydGVjaC5jb20uYnJcL2ludmlzdGEtbm8tc2V1LW5lZ29jaW9cL3dwLWNvbnRlbnRcL3VwbG9hZHNcLzIwMjRcLzA0XC9TY3JlZW5zaG90XzMucG5nIiwic2xpZGVzaG93IjoiYjM2OTdmYSJ9\" data-elementor-lightbox-video=\"https:\/\/www.youtube.com\/embed\/u_Nwzv8gbCA?feature=oembed&amp;autoplay=1&amp;rel=0&amp;controls=0\"><br \/>\n\t\t\t\t\t\t\t\t\t\tPlay<br \/>\n\t\t<\/a><br \/>\n\t\t\t\t\t\t\t<a href=\"https:\/\/vanguardamartech.com.br\/invista-no-seu-negocio\/wp-content\/uploads\/2024\/04\/Screenshot_4.png\" data-elementor-open-lightbox=\"yes\" data-elementor-lightbox-slideshow=\"b3697fa\" data-elementor-lightbox-title=\"Screenshot_4\" data-e-action-hash=\"#elementor-action%3Aaction%3Dlightbox%26settings%3DeyJpZCI6MTYzLCJ1cmwiOiJodHRwczpcL1wvdmFuZ3VhcmRhbWFydGVjaC5jb20uYnJcL2ludmlzdGEtbm8tc2V1LW5lZ29jaW9cL3dwLWNvbnRlbnRcL3VwbG9hZHNcLzIwMjRcLzA0XC9TY3JlZW5zaG90XzQucG5nIiwic2xpZGVzaG93IjoiYjM2OTdmYSJ9\" data-elementor-lightbox-video=\"https:\/\/www.youtube.com\/embed\/E8hv1c3qcgc?feature=oembed&amp;autoplay=1&amp;rel=0&amp;controls=0\"><br \/>\n\t\t\t\t\t\t\t\t\t\tPlay<br \/>\n\t\t<\/a><br \/>\n\t\t\t\t\t\t\t<a href=\"https:\/\/vanguardamartech.com.br\/invista-no-seu-negocio\/wp-content\/uploads\/2024\/04\/Screenshot_5.png\" data-elementor-open-lightbox=\"yes\" data-elementor-lightbox-slideshow=\"b3697fa\" data-elementor-lightbox-title=\"Screenshot_5\" data-e-action-hash=\"#elementor-action%3Aaction%3Dlightbox%26settings%3DeyJpZCI6MTY0LCJ1cmwiOiJodHRwczpcL1wvdmFuZ3VhcmRhbWFydGVjaC5jb20uYnJcL2ludmlzdGEtbm8tc2V1LW5lZ29jaW9cL3dwLWNvbnRlbnRcL3VwbG9hZHNcLzIwMjRcLzA0XC9TY3JlZW5zaG90XzUucG5nIiwic2xpZGVzaG93IjoiYjM2OTdmYSJ9\" data-elementor-lightbox-video=\"https:\/\/www.youtube.com\/embed\/-nviP5pXOKo?feature=oembed&amp;autoplay=1&amp;rel=0&amp;controls=0\"><br \/>\n\t\t\t\t\t\t\t\t\t\tPlay<br \/>\n\t\t<\/a><br \/>\n\t\t\t\t\t\t\t\t\t\t\t\t\t\tPrevious<br \/>\n\t\t\t\t\t\t\t\t\t\t\t\t\t\tNext<br \/>\n\t\t\t<a href=\"https:\/\/vanguardacomunicacao.com.br\/avaliacao-digital\/\"><br \/>\n\t\t\t\t\t\tQuero uma proposta<br \/>\n\t\t\t\t\t<\/a><\/p>\n","protected":false},"excerpt":{"rendered":"<p>Venda mais com quem entende do assunto Os grandes resultados de nossos clientes nos mais diversos segmentos provam que a parceria com aVanguarda Comunica\u00e7\u00e3o \u00e9 sin\u00f4nimo de sucesso! Veja alguns exemplos e inspire-se para levar tamb\u00e9m o seu neg\u00f3cio a um novo patamar. Rede de lojas de variedades Iniciou a presen\u00e7a digital com a Vanguarda [&hellip;]<\/p>\n","protected":false},"author":1,"featured_media":0,"parent":0,"menu_order":0,"comment_status":"closed","ping_status":"closed","template":"elementor_canvas","meta":{"footnotes":""},"class_list":["post-122","page","type-page","status-publish","hentry"],"yoast_head":"<!-- This site is optimized with the Yoast SEO plugin v24.6 - https:\/\/yoast.com\/wordpress\/plugins\/seo\/ -->\n<title>invista no seu neg\u00f3cio - Invista no seu neg\u00f3cio!<\/title>\n<meta name=\"description\" content=\"Invista no seu neg\u00f3cio e impulsione seu crescimento com estrat\u00e9gias de marketing digital eficazes. Descubra como agora!\" \/>\n<meta name=\"robots\" content=\"index, follow, max-snippet:-1, max-image-preview:large, max-video-preview:-1\" \/>\n<link rel=\"canonical\" href=\"https:\/\/vanguardamartech.com.br\/invista-no-seu-negocio\/\" \/>\n<meta property=\"og:locale\" content=\"pt_BR\" \/>\n<meta property=\"og:type\" content=\"article\" \/>\n<meta property=\"og:title\" content=\"invista no seu neg\u00f3cio - Invista no seu neg\u00f3cio!\" \/>\n<meta property=\"og:description\" content=\"Invista no seu neg\u00f3cio e impulsione seu crescimento com estrat\u00e9gias de marketing digital eficazes. Descubra como agora!\" \/>\n<meta property=\"og:url\" content=\"https:\/\/vanguardamartech.com.br\/invista-no-seu-negocio\/\" \/>\n<meta property=\"og:site_name\" content=\"Invista no seu neg\u00f3cio!\" \/>\n<meta property=\"article:modified_time\" content=\"2025-03-13T14:05:47+00:00\" \/>\n<meta property=\"og:image\" content=\"https:\/\/vanguardamartech.com.br\/invista-no-seu-negocio\/wp-content\/uploads\/2024\/05\/21729-BANNER-MARTECH-_1_.webp\" \/>\n<meta name=\"twitter:card\" content=\"summary_large_image\" \/>\n<meta name=\"twitter:label1\" content=\"Est. tempo de leitura\" \/>\n\t<meta name=\"twitter:data1\" content=\"5 minutos\" \/>\n<script type=\"application\/ld+json\" class=\"yoast-schema-graph\">{\"@context\":\"https:\/\/schema.org\",\"@graph\":[{\"@type\":\"WebPage\",\"@id\":\"https:\/\/vanguardamartech.com.br\/invista-no-seu-negocio\/\",\"url\":\"https:\/\/vanguardamartech.com.br\/invista-no-seu-negocio\/\",\"name\":\"invista no seu neg\u00f3cio - Invista no seu neg\u00f3cio!\",\"isPartOf\":{\"@id\":\"https:\/\/vanguardamartech.com.br\/invista-no-seu-negocio\/#website\"},\"primaryImageOfPage\":{\"@id\":\"https:\/\/vanguardamartech.com.br\/invista-no-seu-negocio\/#primaryimage\"},\"image\":{\"@id\":\"https:\/\/vanguardamartech.com.br\/invista-no-seu-negocio\/#primaryimage\"},\"thumbnailUrl\":\"https:\/\/vanguardamartech.com.br\/invista-no-seu-negocio\/wp-content\/uploads\/2024\/05\/21729-BANNER-MARTECH-_1_.webp\",\"datePublished\":\"2024-04-12T20:45:19+00:00\",\"dateModified\":\"2025-03-13T14:05:47+00:00\",\"description\":\"Invista no seu neg\u00f3cio e impulsione seu crescimento com estrat\u00e9gias de marketing digital eficazes. Descubra como agora!\",\"breadcrumb\":{\"@id\":\"https:\/\/vanguardamartech.com.br\/invista-no-seu-negocio\/#breadcrumb\"},\"inLanguage\":\"pt-BR\",\"potentialAction\":[{\"@type\":\"ReadAction\",\"target\":[\"https:\/\/vanguardamartech.com.br\/invista-no-seu-negocio\/\"]}]},{\"@type\":\"ImageObject\",\"inLanguage\":\"pt-BR\",\"@id\":\"https:\/\/vanguardamartech.com.br\/invista-no-seu-negocio\/#primaryimage\",\"url\":\"https:\/\/vanguardamartech.com.br\/invista-no-seu-negocio\/wp-content\/uploads\/2024\/05\/21729-BANNER-MARTECH-_1_.webp\",\"contentUrl\":\"https:\/\/vanguardamartech.com.br\/invista-no-seu-negocio\/wp-content\/uploads\/2024\/05\/21729-BANNER-MARTECH-_1_.webp\",\"width\":1920,\"height\":700},{\"@type\":\"BreadcrumbList\",\"@id\":\"https:\/\/vanguardamartech.com.br\/invista-no-seu-negocio\/#breadcrumb\",\"itemListElement\":[{\"@type\":\"ListItem\",\"position\":1,\"name\":\"In\u00edcio\",\"item\":\"https:\/\/vanguardamartech.com.br\/invista-no-seu-negocio\/\"},{\"@type\":\"ListItem\",\"position\":2,\"name\":\"invista no seu neg\u00f3cio\"}]},{\"@type\":\"WebSite\",\"@id\":\"https:\/\/vanguardamartech.com.br\/invista-no-seu-negocio\/#website\",\"url\":\"https:\/\/vanguardamartech.com.br\/invista-no-seu-negocio\/\",\"name\":\"Invista no seu neg\u00f3cio!\",\"description\":\"Vanguarda Comunica&ccedil;&atilde;o\",\"potentialAction\":[{\"@type\":\"SearchAction\",\"target\":{\"@type\":\"EntryPoint\",\"urlTemplate\":\"https:\/\/vanguardamartech.com.br\/invista-no-seu-negocio\/?s={search_term_string}\"},\"query-input\":{\"@type\":\"PropertyValueSpecification\",\"valueRequired\":true,\"valueName\":\"search_term_string\"}}],\"inLanguage\":\"pt-BR\"}]}<\/script>\n<!-- \/ Yoast SEO plugin. -->","yoast_head_json":{"title":"invista no seu neg\u00f3cio - Invista no seu neg\u00f3cio!","description":"Invista no seu neg\u00f3cio e impulsione seu crescimento com estrat\u00e9gias de marketing digital eficazes. Descubra como agora!","robots":{"index":"index","follow":"follow","max-snippet":"max-snippet:-1","max-image-preview":"max-image-preview:large","max-video-preview":"max-video-preview:-1"},"canonical":"https:\/\/vanguardamartech.com.br\/invista-no-seu-negocio\/","og_locale":"pt_BR","og_type":"article","og_title":"invista no seu neg\u00f3cio - Invista no seu neg\u00f3cio!","og_description":"Invista no seu neg\u00f3cio e impulsione seu crescimento com estrat\u00e9gias de marketing digital eficazes. Descubra como agora!","og_url":"https:\/\/vanguardamartech.com.br\/invista-no-seu-negocio\/","og_site_name":"Invista no seu neg\u00f3cio!","article_modified_time":"2025-03-13T14:05:47+00:00","og_image":[{"url":"https:\/\/vanguardamartech.com.br\/invista-no-seu-negocio\/wp-content\/uploads\/2024\/05\/21729-BANNER-MARTECH-_1_.webp","type":"","width":"","height":""}],"twitter_card":"summary_large_image","twitter_misc":{"Est. tempo de leitura":"5 minutos"},"schema":{"@context":"https:\/\/schema.org","@graph":[{"@type":"WebPage","@id":"https:\/\/vanguardamartech.com.br\/invista-no-seu-negocio\/","url":"https:\/\/vanguardamartech.com.br\/invista-no-seu-negocio\/","name":"invista no seu neg\u00f3cio - Invista no seu neg\u00f3cio!","isPartOf":{"@id":"https:\/\/vanguardamartech.com.br\/invista-no-seu-negocio\/#website"},"primaryImageOfPage":{"@id":"https:\/\/vanguardamartech.com.br\/invista-no-seu-negocio\/#primaryimage"},"image":{"@id":"https:\/\/vanguardamartech.com.br\/invista-no-seu-negocio\/#primaryimage"},"thumbnailUrl":"https:\/\/vanguardamartech.com.br\/invista-no-seu-negocio\/wp-content\/uploads\/2024\/05\/21729-BANNER-MARTECH-_1_.webp","datePublished":"2024-04-12T20:45:19+00:00","dateModified":"2025-03-13T14:05:47+00:00","description":"Invista no seu neg\u00f3cio e impulsione seu crescimento com estrat\u00e9gias de marketing digital eficazes. Descubra como agora!","breadcrumb":{"@id":"https:\/\/vanguardamartech.com.br\/invista-no-seu-negocio\/#breadcrumb"},"inLanguage":"pt-BR","potentialAction":[{"@type":"ReadAction","target":["https:\/\/vanguardamartech.com.br\/invista-no-seu-negocio\/"]}]},{"@type":"ImageObject","inLanguage":"pt-BR","@id":"https:\/\/vanguardamartech.com.br\/invista-no-seu-negocio\/#primaryimage","url":"https:\/\/vanguardamartech.com.br\/invista-no-seu-negocio\/wp-content\/uploads\/2024\/05\/21729-BANNER-MARTECH-_1_.webp","contentUrl":"https:\/\/vanguardamartech.com.br\/invista-no-seu-negocio\/wp-content\/uploads\/2024\/05\/21729-BANNER-MARTECH-_1_.webp","width":1920,"height":700},{"@type":"BreadcrumbList","@id":"https:\/\/vanguardamartech.com.br\/invista-no-seu-negocio\/#breadcrumb","itemListElement":[{"@type":"ListItem","position":1,"name":"In\u00edcio","item":"https:\/\/vanguardamartech.com.br\/invista-no-seu-negocio\/"},{"@type":"ListItem","position":2,"name":"invista no seu neg\u00f3cio"}]},{"@type":"WebSite","@id":"https:\/\/vanguardamartech.com.br\/invista-no-seu-negocio\/#website","url":"https:\/\/vanguardamartech.com.br\/invista-no-seu-negocio\/","name":"Invista no seu neg\u00f3cio!","description":"Vanguarda Comunica&ccedil;&atilde;o","potentialAction":[{"@type":"SearchAction","target":{"@type":"EntryPoint","urlTemplate":"https:\/\/vanguardamartech.com.br\/invista-no-seu-negocio\/?s={search_term_string}"},"query-input":{"@type":"PropertyValueSpecification","valueRequired":true,"valueName":"search_term_string"}}],"inLanguage":"pt-BR"}]}},"_links":{"self":[{"href":"https:\/\/vanguardamartech.com.br\/invista-no-seu-negocio\/wp-json\/wp\/v2\/pages\/122","targetHints":{"allow":["GET"]}}],"collection":[{"href":"https:\/\/vanguardamartech.com.br\/invista-no-seu-negocio\/wp-json\/wp\/v2\/pages"}],"about":[{"href":"https:\/\/vanguardamartech.com.br\/invista-no-seu-negocio\/wp-json\/wp\/v2\/types\/page"}],"author":[{"embeddable":true,"href":"https:\/\/vanguardamartech.com.br\/invista-no-seu-negocio\/wp-json\/wp\/v2\/users\/1"}],"replies":[{"embeddable":true,"href":"https:\/\/vanguardamartech.com.br\/invista-no-seu-negocio\/wp-json\/wp\/v2\/comments?post=122"}],"version-history":[{"count":42,"href":"https:\/\/vanguardamartech.com.br\/invista-no-seu-negocio\/wp-json\/wp\/v2\/pages\/122\/revisions"}],"predecessor-version":[{"id":190,"href":"https:\/\/vanguardamartech.com.br\/invista-no-seu-negocio\/wp-json\/wp\/v2\/pages\/122\/revisions\/190"}],"wp:attachment":[{"href":"https:\/\/vanguardamartech.com.br\/invista-no-seu-negocio\/wp-json\/wp\/v2\/media?parent=122"}],"curies":[{"name":"wp","href":"https:\/\/api.w.org\/{rel}","templated":true}]}}